{"id":222,"date":"2024-12-05T16:06:29","date_gmt":"2024-12-05T15:06:29","guid":{"rendered":"https:\/\/ecomusee-metres-bois.fr\/?page_id=222"},"modified":"2024-12-10T15:29:24","modified_gmt":"2024-12-10T14:29:24","slug":"mesures-davant-le-metre","status":"publish","type":"page","link":"https:\/\/ecomusee-metres-bois.fr\/index.php\/un-peu-dhistoire\/mesures-davant-le-metre\/","title":{"rendered":"Mesures d&rsquo;avant le m\u00e8tre"},"content":{"rendered":"\t\t<div data-elementor-type=\"wp-page\" data-elementor-id=\"222\" class=\"elementor elementor-222\">\n\t\t\t\t<div class=\"elementor-element elementor-element-a8a1f10 e-flex e-con-boxed e-con e-parent\" data-id=\"a8a1f10\" data-element_type=\"container\">\n\t\t\t\t\t<div class=\"e-con-inner\">\n\t\t\t\t<div class=\"elementor-element elementor-element-d74ed56 elementor-widget elementor-widget-text-editor\" data-id=\"d74ed56\" data-element_type=\"widget\" data-widget_type=\"text-editor.default\">\n\t\t\t\t<div class=\"elementor-widget-container\">\n\t\t\t\t\t\t\t<p><img fetchpriority=\"high\" decoding=\"async\" class=\"alignleft wp-image-290 size-medium\" src=\"http:\/\/ecomusee-metres-bois.fr\/wp-content\/uploads\/2024\/12\/Gustave_Dore_le_chat_botte-228x300.jpg\" alt=\"\" width=\"228\" height=\"300\" srcset=\"https:\/\/ecomusee-metres-bois.fr\/wp-content\/uploads\/2024\/12\/Gustave_Dore_le_chat_botte-228x300.jpg 228w, https:\/\/ecomusee-metres-bois.fr\/wp-content\/uploads\/2024\/12\/Gustave_Dore_le_chat_botte-230x303.jpg 230w, https:\/\/ecomusee-metres-bois.fr\/wp-content\/uploads\/2024\/12\/Gustave_Dore_le_chat_botte.jpg 316w\" sizes=\"(max-width: 228px) 100vw, 228px\" \/><\/p><p>Ma\u00eetre Patelin achetait son drap vingt-quatre sous l&rsquo;aune, pendant que le chat arpentait la campagne avec ses bottes de sept lieues&#8230;<\/p><p>Longtemps avant l&rsquo;invention du m\u00e8tre, on mesure les tailles et distances en se r\u00e9f\u00e9rant essentiellement aux parties du corps. On comptera jusqu&rsquo;\u00e0 250000 unit\u00e9s de mesures comme le pouce, la paume, la palme, l&#8217;empan, la coud\u00e9e, la brasse, le pied, le point, la ligne, la toise, la perche, l&rsquo;aune ou la lieue&#8230;<\/p><p><span style=\"caret-color: #050530; color: #050530; font-family: Roboto, calibri, helvetica, sans-serif;\"><a href=\"https:\/\/guide.digitalsurf.com\/fr\/guide-avant-le-systeme-metrique.html\" target=\"_blank\" rel=\"noopener\">Le site professionnel Digital surf<\/a> nous apprend qu&rsquo; \u00ab\u00a0En France, jusqu\u2019au 18e si\u00e8cle, les longueurs et les surfaces sont mesur\u00e9es avec des \u00e9talons issus du corps : le\u00a0<\/span><b style=\"caret-color: #050530; color: #050530; font-family: Roboto, calibri, helvetica, sans-serif;\">pouce<\/b><span style=\"caret-color: #050530; color: #050530; font-family: Roboto, calibri, helvetica, sans-serif;\">, le\u00a0<\/span><b style=\"caret-color: #050530; color: #050530; font-family: Roboto, calibri, helvetica, sans-serif;\">pied<\/b><span style=\"caret-color: #050530; color: #050530; font-family: Roboto, calibri, helvetica, sans-serif;\">, l\u2019<\/span><b style=\"caret-color: #050530; color: #050530; font-family: Roboto, calibri, helvetica, sans-serif;\">empan<\/b><span style=\"caret-color: #050530; color: #050530; font-family: Roboto, calibri, helvetica, sans-serif;\">, la\u00a0<\/span><b style=\"caret-color: #050530; color: #050530; font-family: Roboto, calibri, helvetica, sans-serif;\">coud\u00e9e<\/b><span style=\"caret-color: #050530; color: #050530; font-family: Roboto, calibri, helvetica, sans-serif;\">\u00a0ou la\u00a0<\/span><b style=\"caret-color: #050530; color: #050530; font-family: Roboto, calibri, helvetica, sans-serif;\">brasse<\/b><span style=\"caret-color: #050530; color: #050530; font-family: Roboto, calibri, helvetica, sans-serif;\">. L\u2019empan est la longueur mesur\u00e9e entre le pouce et un doigt. Il y a donc 4 valeurs selon que l\u2019on mesure depuis le pouce jusqu\u2019\u00e0 l\u2019index, au majeur, \u00e0 l\u2019annulaire ou l\u2019auriculaire, allant environ de 19 \u00e0 27 cm. Mais une brasse valant toujours 8 empans, elle pouvait mesurer de 1,52 m \u00e0 2,16 m. Elle-m\u00eame correspondait \u00e0 une distance anthropomorphique, mesur\u00e9e entre les deux bras tendus, ou du sol au bout du majeur tendu.\u00a0\u00bb<\/span><\/p>\t\t\t\t\t\t<\/div>\n\t\t\t\t<\/div>\n\t\t\t\t\t<\/div>\n\t\t\t\t<\/div>\n\t\t<div class=\"elementor-element elementor-element-0fd91a8 e-flex e-con-boxed e-con e-parent\" data-id=\"0fd91a8\" data-element_type=\"container\">\n\t\t\t\t\t<div class=\"e-con-inner\">\n\t\t\t\t<div class=\"elementor-element elementor-element-c809edf elementor-widget elementor-widget-text-editor\" data-id=\"c809edf\" data-element_type=\"widget\" data-widget_type=\"text-editor.default\">\n\t\t\t\t<div class=\"elementor-widget-container\">\n\t\t\t\t\t\t\t<p>Sous l\u2019Ancien R\u00e9gime, <strong>le syst\u00e8me de poids et mesures fran\u00e7ais est tr\u00e8s complexe. Il manque d&rsquo;unit\u00e9 :<\/strong> selon les endroits, un m\u00eame mot peut d\u00e9signer une mesure diff\u00e9rente !<strong>\u00a0<\/strong><\/p><p>Cela entra\u00eene des fraudes et des erreurs, dans le commerce et dans l&rsquo;industrie. Pire peut-\u00eatre, au si\u00e8cle des Lumi\u00e8res, c&rsquo;est in obstacle au d\u00e9veloppement des sciences. D&rsquo;o\u00f9 la revendication d&rsquo;une mesure unique, que l&rsquo;on trouve dans de nombreux cahiers de dol\u00e9ances, comme celui d&rsquo;Oppy, dans le Pas-de-Calais.<\/p>\t\t\t\t\t\t<\/div>\n\t\t\t\t<\/div>\n\t\t\t\t<div class=\"elementor-element elementor-element-3febe4d elementor-widget elementor-widget-image\" data-id=\"3febe4d\" data-element_type=\"widget\" data-widget_type=\"image.default\">\n\t\t\t\t<div class=\"elementor-widget-container\">\n\t\t\t\t\t\t\t\t\t\t<figure class=\"wp-caption\">\n\t\t\t\t\t\t\t\t\t\t<img decoding=\"async\" width=\"1024\" height=\"188\" src=\"https:\/\/ecomusee-metres-bois.fr\/wp-content\/uploads\/2024\/12\/fiche_de_recherche_cahier_de_doleance-1024x188.jpg\" class=\"attachment-large size-large wp-image-296\" alt=\"\" srcset=\"https:\/\/ecomusee-metres-bois.fr\/wp-content\/uploads\/2024\/12\/fiche_de_recherche_cahier_de_doleance-1024x188.jpg 1024w, https:\/\/ecomusee-metres-bois.fr\/wp-content\/uploads\/2024\/12\/fiche_de_recherche_cahier_de_doleance-300x55.jpg 300w, https:\/\/ecomusee-metres-bois.fr\/wp-content\/uploads\/2024\/12\/fiche_de_recherche_cahier_de_doleance-768x141.jpg 768w, https:\/\/ecomusee-metres-bois.fr\/wp-content\/uploads\/2024\/12\/fiche_de_recherche_cahier_de_doleance-1000x184.jpg 1000w, https:\/\/ecomusee-metres-bois.fr\/wp-content\/uploads\/2024\/12\/fiche_de_recherche_cahier_de_doleance-230x42.jpg 230w, https:\/\/ecomusee-metres-bois.fr\/wp-content\/uploads\/2024\/12\/fiche_de_recherche_cahier_de_doleance-350x64.jpg 350w, https:\/\/ecomusee-metres-bois.fr\/wp-content\/uploads\/2024\/12\/fiche_de_recherche_cahier_de_doleance-480x88.jpg 480w, https:\/\/ecomusee-metres-bois.fr\/wp-content\/uploads\/2024\/12\/fiche_de_recherche_cahier_de_doleance.jpg 1073w\" sizes=\"(max-width: 1024px) 100vw, 1024px\" \/>\t\t\t\t\t\t\t\t\t\t\t<figcaption class=\"widget-image-caption wp-caption-text\"><i>L'\u00e9tablissement d'un seul poids et d'une seule mesure par tout le royaume<\/i><\/figcaption>\n\t\t\t\t\t\t\t\t\t\t<\/figure>\n\t\t\t\t\t\t\t<\/div>\n\t\t\t\t<\/div>\n\t\t\t\t\t<\/div>\n\t\t\t\t<\/div>\n\t\t<div class=\"elementor-element elementor-element-96cbb71 e-flex e-con-boxed e-con e-parent\" data-id=\"96cbb71\" data-element_type=\"container\">\n\t\t\t\t\t<div class=\"e-con-inner\">\n\t\t\t\t<div class=\"elementor-element elementor-element-99a3452 elementor-widget elementor-widget-text-editor\" data-id=\"99a3452\" data-element_type=\"widget\" data-widget_type=\"text-editor.default\">\n\t\t\t\t<div class=\"elementor-widget-container\">\n\t\t\t\t\t\t\t<p>L&rsquo;invention du m\u00e8tre sera donc le fruit de la R\u00e9volution de 1789.<\/p><div align=\"right\"><p><em>La suite ? <a href=\"https:\/\/ecomusee-metres-bois.fr\/index.php\/un-peu-dhistoire\/une-aventure-revolutionnaire\/\" target=\"_blank\" rel=\"noopener\">Une aventure r\u00e9volutionnaire<\/a><\/em><\/p><\/div>\t\t\t\t\t\t<\/div>\n\t\t\t\t<\/div>\n\t\t\t\t\t<\/div>\n\t\t\t\t<\/div>\n\t\t<div class=\"elementor-element elementor-element-f7f6295 e-flex e-con-boxed e-con e-parent\" data-id=\"f7f6295\" data-element_type=\"container\">\n\t\t\t\t\t<div class=\"e-con-inner\">\n\t\t\t\t<div class=\"elementor-element elementor-element-f70e491 elementor-widget elementor-widget-text-editor\" data-id=\"f70e491\" data-element_type=\"widget\" data-widget_type=\"text-editor.default\">\n\t\t\t\t<div class=\"elementor-widget-container\">\n\t\t\t\t\t\t\t<p>Pour en savoir plus, quelques pages de la brochure\u00a0<span style=\"text-decoration: underline;\"><em>Anciennes mesures<\/em><\/span> en cliquant sur l&rsquo;image ci-dessous.<\/p>\t\t\t\t\t\t<\/div>\n\t\t\t\t<\/div>\n\t\t\t\t\t<\/div>\n\t\t\t\t<\/div>\n\t\t<div class=\"elementor-element elementor-element-d6ecad9 e-flex e-con-boxed e-con e-parent\" data-id=\"d6ecad9\" data-element_type=\"container\">\n\t\t\t\t\t<div class=\"e-con-inner\">\n\t\t\t\t<div class=\"elementor-element elementor-element-69026f4 elementor-widget elementor-widget-image\" data-id=\"69026f4\" data-element_type=\"widget\" data-widget_type=\"image.default\">\n\t\t\t\t<div class=\"elementor-widget-container\">\n\t\t\t\t\t\t\t\t\t\t\t\t\t\t<a href=\"http:\/\/ecomusee-metres-bois.fr\/wp-content\/uploads\/2024\/12\/Anciennes-mesures-2.pdf\" target=\"_blank\" rel=\"nofollow\">\n\t\t\t\t\t\t\t<img decoding=\"async\" width=\"841\" height=\"595\" src=\"https:\/\/ecomusee-metres-bois.fr\/wp-content\/uploads\/2024\/12\/Anciennes-mesures-image.jpg\" class=\"attachment-large size-large wp-image-476\" alt=\"\" srcset=\"https:\/\/ecomusee-metres-bois.fr\/wp-content\/uploads\/2024\/12\/Anciennes-mesures-image.jpg 841w, https:\/\/ecomusee-metres-bois.fr\/wp-content\/uploads\/2024\/12\/Anciennes-mesures-image-300x212.jpg 300w, https:\/\/ecomusee-metres-bois.fr\/wp-content\/uploads\/2024\/12\/Anciennes-mesures-image-768x543.jpg 768w, https:\/\/ecomusee-metres-bois.fr\/wp-content\/uploads\/2024\/12\/Anciennes-mesures-image-230x163.jpg 230w, https:\/\/ecomusee-metres-bois.fr\/wp-content\/uploads\/2024\/12\/Anciennes-mesures-image-350x248.jpg 350w, https:\/\/ecomusee-metres-bois.fr\/wp-content\/uploads\/2024\/12\/Anciennes-mesures-image-480x340.jpg 480w\" sizes=\"(max-width: 841px) 100vw, 841px\" \/>\t\t\t\t\t\t\t\t<\/a>\n\t\t\t\t\t\t\t\t\t\t\t\t\t<\/div>\n\t\t\t\t<\/div>\n\t\t\t\t\t<\/div>\n\t\t\t\t<\/div>\n\t\t\t\t<\/div>\n\t\t","protected":false},"excerpt":{"rendered":"<p>Ma\u00eetre Patelin achetait son drap vingt-quatre sous l&rsquo;aune, pendant que le chat arpentait la campagne avec ses bottes de sept lieues&#8230; Longtemps [&hellip;]<\/p>\n","protected":false},"author":1,"featured_media":0,"parent":99,"menu_order":1,"comment_status":"closed","ping_status":"closed","template":"","meta":{"footnotes":""},"class_list":["post-222","page","type-page","status-publish","hentry"],"_links":{"self":[{"href":"https:\/\/ecomusee-metres-bois.fr\/index.php\/wp-json\/wp\/v2\/pages\/222","targetHints":{"allow":["GET"]}}],"collection":[{"href":"https:\/\/ecomusee-metres-bois.fr\/index.php\/wp-json\/wp\/v2\/pages"}],"about":[{"href":"https:\/\/ecomusee-metres-bois.fr\/index.php\/wp-json\/wp\/v2\/types\/page"}],"author":[{"embeddable":true,"href":"https:\/\/ecomusee-metres-bois.fr\/index.php\/wp-json\/wp\/v2\/users\/1"}],"replies":[{"embeddable":true,"href":"https:\/\/ecomusee-metres-bois.fr\/index.php\/wp-json\/wp\/v2\/comments?post=222"}],"version-history":[{"count":55,"href":"https:\/\/ecomusee-metres-bois.fr\/index.php\/wp-json\/wp\/v2\/pages\/222\/revisions"}],"predecessor-version":[{"id":483,"href":"https:\/\/ecomusee-metres-bois.fr\/index.php\/wp-json\/wp\/v2\/pages\/222\/revisions\/483"}],"up":[{"embeddable":true,"href":"https:\/\/ecomusee-metres-bois.fr\/index.php\/wp-json\/wp\/v2\/pages\/99"}],"wp:attachment":[{"href":"https:\/\/ecomusee-metres-bois.fr\/index.php\/wp-json\/wp\/v2\/media?parent=222"}],"curies":[{"name":"wp","href":"https:\/\/api.w.org\/{rel}","templated":true}]}}