{"id":101,"date":"2024-11-22T15:48:20","date_gmt":"2024-11-22T14:48:20","guid":{"rendered":"https:\/\/ecomusee-metres-bois.fr\/?page_id=101"},"modified":"2024-12-02T16:33:02","modified_gmt":"2024-12-02T15:33:02","slug":"le-musee","status":"publish","type":"page","link":"https:\/\/ecomusee-metres-bois.fr\/index.php\/le-musee\/","title":{"rendered":"Le mus\u00e9e"},"content":{"rendered":"\t\t<div data-elementor-type=\"wp-page\" data-elementor-id=\"101\" class=\"elementor elementor-101\">\n\t\t\t\t<div class=\"elementor-element elementor-element-59db250d e-flex e-con-boxed e-con e-parent\" data-id=\"59db250d\" data-element_type=\"container\">\n\t\t\t\t\t<div class=\"e-con-inner\">\n\t\t\t\t<div class=\"elementor-element elementor-element-c6a327d elementor-widget elementor-widget-image\" data-id=\"c6a327d\" data-element_type=\"widget\" data-widget_type=\"image.default\">\n\t\t\t\t<div class=\"elementor-widget-container\">\n\t\t\t\t\t\t\t\t\t\t<figure class=\"wp-caption\">\n\t\t\t\t\t\t\t\t\t\t<img fetchpriority=\"high\" decoding=\"async\" width=\"1024\" height=\"737\" src=\"https:\/\/ecomusee-metres-bois.fr\/wp-content\/uploads\/2024\/12\/Salle-objets-1024x737.png\" class=\"attachment-large size-large wp-image-195\" alt=\"\" srcset=\"https:\/\/ecomusee-metres-bois.fr\/wp-content\/uploads\/2024\/12\/Salle-objets-1024x737.png 1024w, https:\/\/ecomusee-metres-bois.fr\/wp-content\/uploads\/2024\/12\/Salle-objets-300x216.png 300w, https:\/\/ecomusee-metres-bois.fr\/wp-content\/uploads\/2024\/12\/Salle-objets-768x553.png 768w, https:\/\/ecomusee-metres-bois.fr\/wp-content\/uploads\/2024\/12\/Salle-objets-1000x720.png 1000w, https:\/\/ecomusee-metres-bois.fr\/wp-content\/uploads\/2024\/12\/Salle-objets-230x166.png 230w, https:\/\/ecomusee-metres-bois.fr\/wp-content\/uploads\/2024\/12\/Salle-objets-350x252.png 350w, https:\/\/ecomusee-metres-bois.fr\/wp-content\/uploads\/2024\/12\/Salle-objets-480x345.png 480w, https:\/\/ecomusee-metres-bois.fr\/wp-content\/uploads\/2024\/12\/Salle-objets.png 1042w\" sizes=\"(max-width: 1024px) 100vw, 1024px\" \/>\t\t\t\t\t\t\t\t\t\t\t<figcaption class=\"widget-image-caption wp-caption-text\">La salle des objets<\/figcaption>\n\t\t\t\t\t\t\t\t\t\t<\/figure>\n\t\t\t\t\t\t\t<\/div>\n\t\t\t\t<\/div>\n\t\t\t\t<div class=\"elementor-element elementor-element-4d378a77 elementor-widget elementor-widget-text-editor\" data-id=\"4d378a77\" data-element_type=\"widget\" data-widget_type=\"text-editor.default\">\n\t\t\t\t<div class=\"elementor-widget-container\">\n\t\t\t\t\t\t\t<!-- wp:code -->\n<pre class=\"wp-block-code\"><code>Le mus\u00e9e se compose de deux salles...\n\nDans la premi\u00e8re, des panneaux retracent l'histoire du m\u00e8tre, ainsi que celle des usines qui en ont abrit\u00e9 la fabrication pendant un si\u00e8cle et demi...<\/code><\/pre>\n<!-- \/wp:code -->\t\t\t\t\t\t<\/div>\n\t\t\t\t<\/div>\n\t\t\t\t<div class=\"elementor-element elementor-element-e6b2cfa elementor-widget elementor-widget-image\" data-id=\"e6b2cfa\" data-element_type=\"widget\" data-widget_type=\"image.default\">\n\t\t\t\t<div class=\"elementor-widget-container\">\n\t\t\t\t\t\t\t\t\t\t\t\t\t<img decoding=\"async\" width=\"1024\" height=\"432\" src=\"https:\/\/ecomusee-metres-bois.fr\/wp-content\/uploads\/2024\/12\/Salle-machine-01-1024x432.png\" class=\"attachment-large size-large wp-image-193\" alt=\"\" srcset=\"https:\/\/ecomusee-metres-bois.fr\/wp-content\/uploads\/2024\/12\/Salle-machine-01-1024x432.png 1024w, https:\/\/ecomusee-metres-bois.fr\/wp-content\/uploads\/2024\/12\/Salle-machine-01-300x127.png 300w, https:\/\/ecomusee-metres-bois.fr\/wp-content\/uploads\/2024\/12\/Salle-machine-01-768x324.png 768w, https:\/\/ecomusee-metres-bois.fr\/wp-content\/uploads\/2024\/12\/Salle-machine-01-1000x422.png 1000w, https:\/\/ecomusee-metres-bois.fr\/wp-content\/uploads\/2024\/12\/Salle-machine-01-230x97.png 230w, https:\/\/ecomusee-metres-bois.fr\/wp-content\/uploads\/2024\/12\/Salle-machine-01-350x148.png 350w, https:\/\/ecomusee-metres-bois.fr\/wp-content\/uploads\/2024\/12\/Salle-machine-01-480x203.png 480w, https:\/\/ecomusee-metres-bois.fr\/wp-content\/uploads\/2024\/12\/Salle-machine-01.png 1042w\" sizes=\"(max-width: 1024px) 100vw, 1024px\" \/>\t\t\t\t\t\t\t\t\t\t\t\t\t<\/div>\n\t\t\t\t<\/div>\n\t\t\t\t<div class=\"elementor-element elementor-element-c6bbc28 elementor-widget elementor-widget-text-editor\" data-id=\"c6bbc28\" data-element_type=\"widget\" data-widget_type=\"text-editor.default\">\n\t\t\t\t<div class=\"elementor-widget-container\">\n\t\t\t\t\t\t\t<p><code>La fabrication d' un m\u00e8tre demande l\u2019intervention de pas moins de quinze machines diff\u00e9rentes\u2026\nEn \u00e9tat de fonctionner, elles sont toutes expos\u00e9es au mus\u00e9e !<\/code><\/p>\t\t\t\t\t\t<\/div>\n\t\t\t\t<\/div>\n\t\t\t\t\t<\/div>\n\t\t\t\t<\/div>\n\t\t\t\t<\/div>\n\t\t","protected":false},"excerpt":{"rendered":"<p>La salle des objets La fabrication d&rsquo; un m\u00e8tre demande l\u2019intervention de pas moins de quinze machines diff\u00e9rentes\u2026 En \u00e9tat de fonctionner, [&hellip;]<\/p>\n","protected":false},"author":1,"featured_media":0,"parent":0,"menu_order":4,"comment_status":"closed","ping_status":"closed","template":"","meta":{"footnotes":""},"class_list":["post-101","page","type-page","status-publish","hentry"],"_links":{"self":[{"href":"https:\/\/ecomusee-metres-bois.fr\/index.php\/wp-json\/wp\/v2\/pages\/101","targetHints":{"allow":["GET"]}}],"collection":[{"href":"https:\/\/ecomusee-metres-bois.fr\/index.php\/wp-json\/wp\/v2\/pages"}],"about":[{"href":"https:\/\/ecomusee-metres-bois.fr\/index.php\/wp-json\/wp\/v2\/types\/page"}],"author":[{"embeddable":true,"href":"https:\/\/ecomusee-metres-bois.fr\/index.php\/wp-json\/wp\/v2\/users\/1"}],"replies":[{"embeddable":true,"href":"https:\/\/ecomusee-metres-bois.fr\/index.php\/wp-json\/wp\/v2\/comments?post=101"}],"version-history":[{"count":9,"href":"https:\/\/ecomusee-metres-bois.fr\/index.php\/wp-json\/wp\/v2\/pages\/101\/revisions"}],"predecessor-version":[{"id":199,"href":"https:\/\/ecomusee-metres-bois.fr\/index.php\/wp-json\/wp\/v2\/pages\/101\/revisions\/199"}],"wp:attachment":[{"href":"https:\/\/ecomusee-metres-bois.fr\/index.php\/wp-json\/wp\/v2\/media?parent=101"}],"curies":[{"name":"wp","href":"https:\/\/api.w.org\/{rel}","templated":true}]}}